{"id":1414,"date":"2023-09-26T20:13:25","date_gmt":"2023-09-26T17:13:25","guid":{"rendered":"https:\/\/kirurgi.lv\/?page_id=1414"},"modified":"2024-08-16T11:33:36","modified_gmt":"2024-08-16T08:33:36","slug":"%d0%bf%d0%be%d0%b8%d1%81%d0%ba","status":"publish","type":"page","link":"https:\/\/kirurgi.lv\/ru\/%d0%bf%d0%be%d0%b8%d1%81%d0%ba\/","title":{"rendered":"\u041f\u043e\u0438\u0441\u043a"},"content":{"rendered":"","protected":false},"excerpt":{"rendered":"","protected":false},"author":1,"featured_media":0,"parent":0,"menu_order":0,"comment_status":"closed","ping_status":"closed","template":"page-templates\/search.php","meta":{"footnotes":""},"yoast_head":"<!-- This site is optimized with the Yoast SEO plugin v23.2 - https:\/\/yoast.com\/wordpress\/plugins\/seo\/ -->\n<title>\u041f\u043e\u0438\u0441\u043a | Baltijas \u0136irur\u0123ijas Centrs<\/title>\n<meta name=\"robots\" content=\"index, follow, max-snippet:-1, max-image-preview:large, max-video-preview:-1\" \/>\n<link rel=\"canonical\" href=\"https:\/\/kirurgi.lv\/ru\/%d0%bf%d0%be%d0%b8%d1%81%d0%ba\/\" \/>\n<meta property=\"og:locale\" content=\"ru_RU\" \/>\n<meta property=\"og:type\" content=\"article\" \/>\n<meta property=\"og:title\" content=\"\u041f\u043e\u0438\u0441\u043a | Baltijas \u0136irur\u0123ijas Centrs\" \/>\n<meta property=\"og:url\" content=\"https:\/\/kirurgi.lv\/ru\/%d0%bf%d0%be%d0%b8%d1%81%d0%ba\/\" \/>\n<meta property=\"og:site_name\" content=\"Baltijas \u0136irur\u0123ijas Centrs\" \/>\n<meta property=\"article:publisher\" content=\"https:\/\/www.facebook.com\/baltijaskirurgijascentrs\/\" \/>\n<meta property=\"article:modified_time\" content=\"2024-08-16T08:33:36+00:00\" \/>\n<meta property=\"og:image\" content=\"https:\/\/kirurgi.lv\/wp-content\/uploads\/2024\/02\/fallback-thumbnail.png\" \/>\n\t<meta property=\"og:image:width\" content=\"1600\" \/>\n\t<meta property=\"og:image:height\" content=\"960\" \/>\n\t<meta property=\"og:image:type\" content=\"image\/png\" \/>\n<meta name=\"twitter:card\" content=\"summary_large_image\" \/>\n<script type=\"application\/ld+json\" class=\"yoast-schema-graph\">{\"@context\":\"https:\/\/schema.org\",\"@graph\":[{\"@type\":\"WebPage\",\"@id\":\"https:\/\/kirurgi.lv\/ru\/%d0%bf%d0%be%d0%b8%d1%81%d0%ba\/\",\"url\":\"https:\/\/kirurgi.lv\/ru\/%d0%bf%d0%be%d0%b8%d1%81%d0%ba\/\",\"name\":\"\u041f\u043e\u0438\u0441\u043a | Baltijas \u0136irur\u0123ijas Centrs\",\"isPartOf\":{\"@id\":\"https:\/\/kirurgi.lv\/ru\/#website\"},\"datePublished\":\"2023-09-26T17:13:25+00:00\",\"dateModified\":\"2024-08-16T08:33:36+00:00\",\"breadcrumb\":{\"@id\":\"https:\/\/kirurgi.lv\/ru\/%d0%bf%d0%be%d0%b8%d1%81%d0%ba\/#breadcrumb\"},\"inLanguage\":\"ru-RU\",\"potentialAction\":[{\"@type\":\"ReadAction\",\"target\":[\"https:\/\/kirurgi.lv\/ru\/%d0%bf%d0%be%d0%b8%d1%81%d0%ba\/\"]}]},{\"@type\":\"BreadcrumbList\",\"@id\":\"https:\/\/kirurgi.lv\/ru\/%d0%bf%d0%be%d0%b8%d1%81%d0%ba\/#breadcrumb\",\"itemListElement\":[{\"@type\":\"ListItem\",\"position\":1,\"name\":\"Home\",\"item\":\"https:\/\/kirurgi.lv\/ru\/\"},{\"@type\":\"ListItem\",\"position\":2,\"name\":\"\u041f\u043e\u0438\u0441\u043a\"}]},{\"@type\":\"WebSite\",\"@id\":\"https:\/\/kirurgi.lv\/ru\/#website\",\"url\":\"https:\/\/kirurgi.lv\/ru\/\",\"name\":\"Baltijas \u0136irur\u0123ijas centrs\",\"description\":\"Kvalitat\u012bvi \u0137irur\u0123iskie pakalpojumi J\u016bsu komfortam un labsaj\u016btai\",\"publisher\":{\"@id\":\"https:\/\/kirurgi.lv\/ru\/#organization\"},\"potentialAction\":[{\"@type\":\"SearchAction\",\"target\":{\"@type\":\"EntryPoint\",\"urlTemplate\":\"https:\/\/kirurgi.lv\/ru\/?s={search_term_string}\"},\"query-input\":\"required name=search_term_string\"}],\"inLanguage\":\"ru-RU\"},{\"@type\":\"Organization\",\"@id\":\"https:\/\/kirurgi.lv\/ru\/#organization\",\"name\":\"Baltijas \u0136irur\u0123ijas Centrs\",\"url\":\"https:\/\/kirurgi.lv\/ru\/\",\"logo\":{\"@type\":\"ImageObject\",\"inLanguage\":\"ru-RU\",\"@id\":\"https:\/\/kirurgi.lv\/ru\/#\/schema\/logo\/image\/\",\"url\":\"https:\/\/kirurgi.lv\/wp-content\/uploads\/2026\/02\/logo.png\",\"contentUrl\":\"https:\/\/kirurgi.lv\/wp-content\/uploads\/2026\/02\/logo.png\",\"width\":504,\"height\":208,\"caption\":\"Baltijas \u0136irur\u0123ijas Centrs\"},\"image\":{\"@id\":\"https:\/\/kirurgi.lv\/ru\/#\/schema\/logo\/image\/\"},\"sameAs\":[\"https:\/\/www.facebook.com\/baltijaskirurgijascentrs\/\",\"https:\/\/www.instagram.com\/baltijas_kirurgijas_centrs\",\"https:\/\/www.tiktok.com\/@baltijas_kirurgij\"]}]}<\/script>\n<!-- \/ Yoast SEO plugin. -->","yoast_head_json":{"title":"\u041f\u043e\u0438\u0441\u043a | Baltijas \u0136irur\u0123ijas Centrs","robots":{"index":"index","follow":"follow","max-snippet":"max-snippet:-1","max-image-preview":"max-image-preview:large","max-video-preview":"max-video-preview:-1"},"canonical":"https:\/\/kirurgi.lv\/ru\/%d0%bf%d0%be%d0%b8%d1%81%d0%ba\/","og_locale":"ru_RU","og_type":"article","og_title":"\u041f\u043e\u0438\u0441\u043a | Baltijas \u0136irur\u0123ijas Centrs","og_url":"https:\/\/kirurgi.lv\/ru\/%d0%bf%d0%be%d0%b8%d1%81%d0%ba\/","og_site_name":"Baltijas \u0136irur\u0123ijas Centrs","article_publisher":"https:\/\/www.facebook.com\/baltijaskirurgijascentrs\/","article_modified_time":"2024-08-16T08:33:36+00:00","og_image":[{"width":1600,"height":960,"url":"https:\/\/kirurgi.lv\/wp-content\/uploads\/2024\/02\/fallback-thumbnail.png","type":"image\/png"}],"twitter_card":"summary_large_image","schema":{"@context":"https:\/\/schema.org","@graph":[{"@type":"WebPage","@id":"https:\/\/kirurgi.lv\/ru\/%d0%bf%d0%be%d0%b8%d1%81%d0%ba\/","url":"https:\/\/kirurgi.lv\/ru\/%d0%bf%d0%be%d0%b8%d1%81%d0%ba\/","name":"\u041f\u043e\u0438\u0441\u043a | Baltijas \u0136irur\u0123ijas Centrs","isPartOf":{"@id":"https:\/\/kirurgi.lv\/ru\/#website"},"datePublished":"2023-09-26T17:13:25+00:00","dateModified":"2024-08-16T08:33:36+00:00","breadcrumb":{"@id":"https:\/\/kirurgi.lv\/ru\/%d0%bf%d0%be%d0%b8%d1%81%d0%ba\/#breadcrumb"},"inLanguage":"ru-RU","potentialAction":[{"@type":"ReadAction","target":["https:\/\/kirurgi.lv\/ru\/%d0%bf%d0%be%d0%b8%d1%81%d0%ba\/"]}]},{"@type":"BreadcrumbList","@id":"https:\/\/kirurgi.lv\/ru\/%d0%bf%d0%be%d0%b8%d1%81%d0%ba\/#breadcrumb","itemListElement":[{"@type":"ListItem","position":1,"name":"Home","item":"https:\/\/kirurgi.lv\/ru\/"},{"@type":"ListItem","position":2,"name":"\u041f\u043e\u0438\u0441\u043a"}]},{"@type":"WebSite","@id":"https:\/\/kirurgi.lv\/ru\/#website","url":"https:\/\/kirurgi.lv\/ru\/","name":"Baltijas \u0136irur\u0123ijas centrs","description":"Kvalitat\u012bvi \u0137irur\u0123iskie pakalpojumi J\u016bsu komfortam un labsaj\u016btai","publisher":{"@id":"https:\/\/kirurgi.lv\/ru\/#organization"},"potentialAction":[{"@type":"SearchAction","target":{"@type":"EntryPoint","urlTemplate":"https:\/\/kirurgi.lv\/ru\/?s={search_term_string}"},"query-input":"required name=search_term_string"}],"inLanguage":"ru-RU"},{"@type":"Organization","@id":"https:\/\/kirurgi.lv\/ru\/#organization","name":"Baltijas \u0136irur\u0123ijas Centrs","url":"https:\/\/kirurgi.lv\/ru\/","logo":{"@type":"ImageObject","inLanguage":"ru-RU","@id":"https:\/\/kirurgi.lv\/ru\/#\/schema\/logo\/image\/","url":"https:\/\/kirurgi.lv\/wp-content\/uploads\/2026\/02\/logo.png","contentUrl":"https:\/\/kirurgi.lv\/wp-content\/uploads\/2026\/02\/logo.png","width":504,"height":208,"caption":"Baltijas \u0136irur\u0123ijas Centrs"},"image":{"@id":"https:\/\/kirurgi.lv\/ru\/#\/schema\/logo\/image\/"},"sameAs":["https:\/\/www.facebook.com\/baltijaskirurgijascentrs\/","https:\/\/www.instagram.com\/baltijas_kirurgijas_centrs","https:\/\/www.tiktok.com\/@baltijas_kirurgij"]}]}},"_links":{"self":[{"href":"https:\/\/kirurgi.lv\/ru\/wp-json\/wp\/v2\/pages\/1414"}],"collection":[{"href":"https:\/\/kirurgi.lv\/ru\/wp-json\/wp\/v2\/pages"}],"about":[{"href":"https:\/\/kirurgi.lv\/ru\/wp-json\/wp\/v2\/types\/page"}],"author":[{"embeddable":true,"href":"https:\/\/kirurgi.lv\/ru\/wp-json\/wp\/v2\/users\/1"}],"replies":[{"embeddable":true,"href":"https:\/\/kirurgi.lv\/ru\/wp-json\/wp\/v2\/comments?post=1414"}],"version-history":[{"count":2,"href":"https:\/\/kirurgi.lv\/ru\/wp-json\/wp\/v2\/pages\/1414\/revisions"}],"predecessor-version":[{"id":1416,"href":"https:\/\/kirurgi.lv\/ru\/wp-json\/wp\/v2\/pages\/1414\/revisions\/1416"}],"wp:attachment":[{"href":"https:\/\/kirurgi.lv\/ru\/wp-json\/wp\/v2\/media?parent=1414"}],"curies":[{"name":"wp","href":"https:\/\/api.w.org\/{rel}","templated":true}]}}