{"id":1407,"date":"2023-09-13T10:05:10","date_gmt":"2023-09-13T07:05:10","guid":{"rendered":"https:\/\/kirurgi.lv\/?page_id=1407"},"modified":"2025-01-20T10:42:21","modified_gmt":"2025-01-20T08:42:21","slug":"%d0%b3%d0%bb%d0%b0%d0%b2%d0%bd%d0%b0%d1%8f","status":"publish","type":"page","link":"https:\/\/kirurgi.lv\/ru\/","title":{"rendered":"\u0413\u043b\u0430\u0432\u043d\u0430\u044f"},"content":{"rendered":"","protected":false},"excerpt":{"rendered":"","protected":false},"author":1,"featured_media":0,"parent":0,"menu_order":0,"comment_status":"closed","ping_status":"closed","template":"front-page.php","meta":{"footnotes":""},"yoast_head":"<!-- This site is optimized with the Yoast SEO plugin v23.2 - https:\/\/yoast.com\/wordpress\/plugins\/seo\/ -->\n<title>\u0413\u043b\u0430\u0432\u043d\u0430\u044f | Baltijas \u0136irur\u0123ijas Centrs<\/title>\n<meta name=\"description\" content=\"\u0412\u044b\u0441\u043e\u043a\u043e\u043a\u0432\u0430\u043b\u0438\u0444\u0438\u0446\u0438\u0440\u043e\u0432\u0430\u043d\u043d\u044b\u0435 \u0441\u043f\u0435\u0446\u0438\u0430\u043b\u0438\u0441\u0442\u044b \u0438 \u043a\u0430\u0447\u0435\u0441\u0442\u0432\u0435\u043d\u043d\u044b\u0435 \u0445\u0438\u0440\u0443\u0440\u0433\u0438\u0447\u0435\u0441\u043a\u0438\u0435 \u0443\u0441\u043b\u0443\u0433\u0438 \u0434\u043b\u044f \u0432\u0430\u0448\u0435\u0433\u043e \u043a\u043e\u043c\u0444\u043e\u0440\u0442\u0430 \u0438 \u0431\u043b\u0430\u0433\u043e\u043f\u043e\u043b\u0443\u0447\u0438\u044f.\" \/>\n<meta name=\"robots\" content=\"index, follow, max-snippet:-1, max-image-preview:large, max-video-preview:-1\" \/>\n<link rel=\"canonical\" href=\"https:\/\/kirurgi.lv\/ru\/\" \/>\n<meta property=\"og:locale\" content=\"ru_RU\" \/>\n<meta property=\"og:type\" content=\"article\" \/>\n<meta property=\"og:title\" content=\"\u0413\u043b\u0430\u0432\u043d\u0430\u044f | Baltijas \u0136irur\u0123ijas Centrs\" \/>\n<meta property=\"og:description\" content=\"\u0412\u044b\u0441\u043e\u043a\u043e\u043a\u0432\u0430\u043b\u0438\u0444\u0438\u0446\u0438\u0440\u043e\u0432\u0430\u043d\u043d\u044b\u0435 \u0441\u043f\u0435\u0446\u0438\u0430\u043b\u0438\u0441\u0442\u044b \u0438 \u043a\u0430\u0447\u0435\u0441\u0442\u0432\u0435\u043d\u043d\u044b\u0435 \u0445\u0438\u0440\u0443\u0440\u0433\u0438\u0447\u0435\u0441\u043a\u0438\u0435 \u0443\u0441\u043b\u0443\u0433\u0438 \u0434\u043b\u044f \u0432\u0430\u0448\u0435\u0433\u043e \u043a\u043e\u043c\u0444\u043e\u0440\u0442\u0430 \u0438 \u0431\u043b\u0430\u0433\u043e\u043f\u043e\u043b\u0443\u0447\u0438\u044f.\" \/>\n<meta property=\"og:url\" content=\"https:\/\/kirurgi.lv\/ru\/\" \/>\n<meta property=\"og:site_name\" content=\"Baltijas \u0136irur\u0123ijas Centrs\" \/>\n<meta property=\"article:publisher\" content=\"https:\/\/www.facebook.com\/baltijaskirurgijascentrs\/\" \/>\n<meta property=\"article:modified_time\" content=\"2025-01-20T08:42:21+00:00\" \/>\n<meta property=\"og:image\" content=\"https:\/\/kirurgi.lv\/wp-content\/uploads\/2024\/02\/fallback-thumbnail.png\" \/>\n\t<meta property=\"og:image:width\" content=\"1600\" \/>\n\t<meta property=\"og:image:height\" content=\"960\" \/>\n\t<meta property=\"og:image:type\" content=\"image\/png\" \/>\n<meta name=\"twitter:card\" content=\"summary_large_image\" \/>\n<script type=\"application\/ld+json\" class=\"yoast-schema-graph\">{\"@context\":\"https:\/\/schema.org\",\"@graph\":[{\"@type\":\"WebPage\",\"@id\":\"https:\/\/kirurgi.lv\/ru\/\",\"url\":\"https:\/\/kirurgi.lv\/ru\/\",\"name\":\"\u0413\u043b\u0430\u0432\u043d\u0430\u044f | Baltijas \u0136irur\u0123ijas Centrs\",\"isPartOf\":{\"@id\":\"https:\/\/kirurgi.lv\/ru\/#website\"},\"datePublished\":\"2023-09-13T07:05:10+00:00\",\"dateModified\":\"2025-01-20T08:42:21+00:00\",\"description\":\"\u0412\u044b\u0441\u043e\u043a\u043e\u043a\u0432\u0430\u043b\u0438\u0444\u0438\u0446\u0438\u0440\u043e\u0432\u0430\u043d\u043d\u044b\u0435 \u0441\u043f\u0435\u0446\u0438\u0430\u043b\u0438\u0441\u0442\u044b \u0438 \u043a\u0430\u0447\u0435\u0441\u0442\u0432\u0435\u043d\u043d\u044b\u0435 \u0445\u0438\u0440\u0443\u0440\u0433\u0438\u0447\u0435\u0441\u043a\u0438\u0435 \u0443\u0441\u043b\u0443\u0433\u0438 \u0434\u043b\u044f \u0432\u0430\u0448\u0435\u0433\u043e \u043a\u043e\u043c\u0444\u043e\u0440\u0442\u0430 \u0438 \u0431\u043b\u0430\u0433\u043e\u043f\u043e\u043b\u0443\u0447\u0438\u044f.\",\"breadcrumb\":{\"@id\":\"https:\/\/kirurgi.lv\/ru\/#breadcrumb\"},\"inLanguage\":\"ru-RU\",\"potentialAction\":[{\"@type\":\"ReadAction\",\"target\":[\"https:\/\/kirurgi.lv\/ru\/\"]}]},{\"@type\":\"BreadcrumbList\",\"@id\":\"https:\/\/kirurgi.lv\/ru\/#breadcrumb\",\"itemListElement\":[{\"@type\":\"ListItem\",\"position\":1,\"name\":\"Home\",\"item\":\"https:\/\/kirurgi.lv\/ru\/\"},{\"@type\":\"ListItem\",\"position\":2,\"name\":\"\u0413\u043b\u0430\u0432\u043d\u0430\u044f\"}]},{\"@type\":\"WebSite\",\"@id\":\"https:\/\/kirurgi.lv\/ru\/#website\",\"url\":\"https:\/\/kirurgi.lv\/ru\/\",\"name\":\"Baltijas \u0136irur\u0123ijas centrs\",\"description\":\"Kvalitat\u012bvi \u0137irur\u0123iskie pakalpojumi J\u016bsu komfortam un labsaj\u016btai\",\"publisher\":{\"@id\":\"https:\/\/kirurgi.lv\/ru\/#organization\"},\"potentialAction\":[{\"@type\":\"SearchAction\",\"target\":{\"@type\":\"EntryPoint\",\"urlTemplate\":\"https:\/\/kirurgi.lv\/ru\/?s={search_term_string}\"},\"query-input\":\"required name=search_term_string\"}],\"inLanguage\":\"ru-RU\"},{\"@type\":\"Organization\",\"@id\":\"https:\/\/kirurgi.lv\/ru\/#organization\",\"name\":\"Baltijas \u0136irur\u0123ijas Centrs\",\"url\":\"https:\/\/kirurgi.lv\/ru\/\",\"logo\":{\"@type\":\"ImageObject\",\"inLanguage\":\"ru-RU\",\"@id\":\"https:\/\/kirurgi.lv\/ru\/#\/schema\/logo\/image\/\",\"url\":\"https:\/\/kirurgi.lv\/wp-content\/uploads\/2026\/02\/logo.png\",\"contentUrl\":\"https:\/\/kirurgi.lv\/wp-content\/uploads\/2026\/02\/logo.png\",\"width\":504,\"height\":208,\"caption\":\"Baltijas \u0136irur\u0123ijas Centrs\"},\"image\":{\"@id\":\"https:\/\/kirurgi.lv\/ru\/#\/schema\/logo\/image\/\"},\"sameAs\":[\"https:\/\/www.facebook.com\/baltijaskirurgijascentrs\/\",\"https:\/\/www.instagram.com\/baltijas_kirurgijas_centrs\",\"https:\/\/www.tiktok.com\/@baltijas_kirurgij\"]}]}<\/script>\n<!-- \/ Yoast SEO plugin. -->","yoast_head_json":{"title":"\u0413\u043b\u0430\u0432\u043d\u0430\u044f | Baltijas \u0136irur\u0123ijas Centrs","description":"\u0412\u044b\u0441\u043e\u043a\u043e\u043a\u0432\u0430\u043b\u0438\u0444\u0438\u0446\u0438\u0440\u043e\u0432\u0430\u043d\u043d\u044b\u0435 \u0441\u043f\u0435\u0446\u0438\u0430\u043b\u0438\u0441\u0442\u044b \u0438 \u043a\u0430\u0447\u0435\u0441\u0442\u0432\u0435\u043d\u043d\u044b\u0435 \u0445\u0438\u0440\u0443\u0440\u0433\u0438\u0447\u0435\u0441\u043a\u0438\u0435 \u0443\u0441\u043b\u0443\u0433\u0438 \u0434\u043b\u044f \u0432\u0430\u0448\u0435\u0433\u043e \u043a\u043e\u043c\u0444\u043e\u0440\u0442\u0430 \u0438 \u0431\u043b\u0430\u0433\u043e\u043f\u043e\u043b\u0443\u0447\u0438\u044f.","robots":{"index":"index","follow":"follow","max-snippet":"max-snippet:-1","max-image-preview":"max-image-preview:large","max-video-preview":"max-video-preview:-1"},"canonical":"https:\/\/kirurgi.lv\/ru\/","og_locale":"ru_RU","og_type":"article","og_title":"\u0413\u043b\u0430\u0432\u043d\u0430\u044f | Baltijas \u0136irur\u0123ijas Centrs","og_description":"\u0412\u044b\u0441\u043e\u043a\u043e\u043a\u0432\u0430\u043b\u0438\u0444\u0438\u0446\u0438\u0440\u043e\u0432\u0430\u043d\u043d\u044b\u0435 \u0441\u043f\u0435\u0446\u0438\u0430\u043b\u0438\u0441\u0442\u044b \u0438 \u043a\u0430\u0447\u0435\u0441\u0442\u0432\u0435\u043d\u043d\u044b\u0435 \u0445\u0438\u0440\u0443\u0440\u0433\u0438\u0447\u0435\u0441\u043a\u0438\u0435 \u0443\u0441\u043b\u0443\u0433\u0438 \u0434\u043b\u044f \u0432\u0430\u0448\u0435\u0433\u043e \u043a\u043e\u043c\u0444\u043e\u0440\u0442\u0430 \u0438 \u0431\u043b\u0430\u0433\u043e\u043f\u043e\u043b\u0443\u0447\u0438\u044f.","og_url":"https:\/\/kirurgi.lv\/ru\/","og_site_name":"Baltijas \u0136irur\u0123ijas Centrs","article_publisher":"https:\/\/www.facebook.com\/baltijaskirurgijascentrs\/","article_modified_time":"2025-01-20T08:42:21+00:00","og_image":[{"width":1600,"height":960,"url":"https:\/\/kirurgi.lv\/wp-content\/uploads\/2024\/02\/fallback-thumbnail.png","type":"image\/png"}],"twitter_card":"summary_large_image","schema":{"@context":"https:\/\/schema.org","@graph":[{"@type":"WebPage","@id":"https:\/\/kirurgi.lv\/ru\/","url":"https:\/\/kirurgi.lv\/ru\/","name":"\u0413\u043b\u0430\u0432\u043d\u0430\u044f | Baltijas \u0136irur\u0123ijas Centrs","isPartOf":{"@id":"https:\/\/kirurgi.lv\/ru\/#website"},"datePublished":"2023-09-13T07:05:10+00:00","dateModified":"2025-01-20T08:42:21+00:00","description":"\u0412\u044b\u0441\u043e\u043a\u043e\u043a\u0432\u0430\u043b\u0438\u0444\u0438\u0446\u0438\u0440\u043e\u0432\u0430\u043d\u043d\u044b\u0435 \u0441\u043f\u0435\u0446\u0438\u0430\u043b\u0438\u0441\u0442\u044b \u0438 \u043a\u0430\u0447\u0435\u0441\u0442\u0432\u0435\u043d\u043d\u044b\u0435 \u0445\u0438\u0440\u0443\u0440\u0433\u0438\u0447\u0435\u0441\u043a\u0438\u0435 \u0443\u0441\u043b\u0443\u0433\u0438 \u0434\u043b\u044f \u0432\u0430\u0448\u0435\u0433\u043e \u043a\u043e\u043c\u0444\u043e\u0440\u0442\u0430 \u0438 \u0431\u043b\u0430\u0433\u043e\u043f\u043e\u043b\u0443\u0447\u0438\u044f.","breadcrumb":{"@id":"https:\/\/kirurgi.lv\/ru\/#breadcrumb"},"inLanguage":"ru-RU","potentialAction":[{"@type":"ReadAction","target":["https:\/\/kirurgi.lv\/ru\/"]}]},{"@type":"BreadcrumbList","@id":"https:\/\/kirurgi.lv\/ru\/#breadcrumb","itemListElement":[{"@type":"ListItem","position":1,"name":"Home","item":"https:\/\/kirurgi.lv\/ru\/"},{"@type":"ListItem","position":2,"name":"\u0413\u043b\u0430\u0432\u043d\u0430\u044f"}]},{"@type":"WebSite","@id":"https:\/\/kirurgi.lv\/ru\/#website","url":"https:\/\/kirurgi.lv\/ru\/","name":"Baltijas \u0136irur\u0123ijas centrs","description":"Kvalitat\u012bvi \u0137irur\u0123iskie pakalpojumi J\u016bsu komfortam un labsaj\u016btai","publisher":{"@id":"https:\/\/kirurgi.lv\/ru\/#organization"},"potentialAction":[{"@type":"SearchAction","target":{"@type":"EntryPoint","urlTemplate":"https:\/\/kirurgi.lv\/ru\/?s={search_term_string}"},"query-input":"required name=search_term_string"}],"inLanguage":"ru-RU"},{"@type":"Organization","@id":"https:\/\/kirurgi.lv\/ru\/#organization","name":"Baltijas \u0136irur\u0123ijas Centrs","url":"https:\/\/kirurgi.lv\/ru\/","logo":{"@type":"ImageObject","inLanguage":"ru-RU","@id":"https:\/\/kirurgi.lv\/ru\/#\/schema\/logo\/image\/","url":"https:\/\/kirurgi.lv\/wp-content\/uploads\/2026\/02\/logo.png","contentUrl":"https:\/\/kirurgi.lv\/wp-content\/uploads\/2026\/02\/logo.png","width":504,"height":208,"caption":"Baltijas \u0136irur\u0123ijas Centrs"},"image":{"@id":"https:\/\/kirurgi.lv\/ru\/#\/schema\/logo\/image\/"},"sameAs":["https:\/\/www.facebook.com\/baltijaskirurgijascentrs\/","https:\/\/www.instagram.com\/baltijas_kirurgijas_centrs","https:\/\/www.tiktok.com\/@baltijas_kirurgij"]}]}},"_links":{"self":[{"href":"https:\/\/kirurgi.lv\/ru\/wp-json\/wp\/v2\/pages\/1407"}],"collection":[{"href":"https:\/\/kirurgi.lv\/ru\/wp-json\/wp\/v2\/pages"}],"about":[{"href":"https:\/\/kirurgi.lv\/ru\/wp-json\/wp\/v2\/types\/page"}],"author":[{"embeddable":true,"href":"https:\/\/kirurgi.lv\/ru\/wp-json\/wp\/v2\/users\/1"}],"replies":[{"embeddable":true,"href":"https:\/\/kirurgi.lv\/ru\/wp-json\/wp\/v2\/comments?post=1407"}],"version-history":[{"count":4,"href":"https:\/\/kirurgi.lv\/ru\/wp-json\/wp\/v2\/pages\/1407\/revisions"}],"predecessor-version":[{"id":1732,"href":"https:\/\/kirurgi.lv\/ru\/wp-json\/wp\/v2\/pages\/1407\/revisions\/1732"}],"wp:attachment":[{"href":"https:\/\/kirurgi.lv\/ru\/wp-json\/wp\/v2\/media?parent=1407"}],"curies":[{"name":"wp","href":"https:\/\/api.w.org\/{rel}","templated":true}]}}